
{"id":15419,"date":"2021-09-23T15:46:27","date_gmt":"2021-09-23T07:46:27","guid":{"rendered":"https:\/\/www.jncslaser.com\/?page_id=15419"},"modified":"2021-09-23T15:47:02","modified_gmt":"2021-09-23T07:47:02","slug":"uv_laser_marking_machine_video","status":"publish","type":"page","link":"https:\/\/www.jncslaser.com\/pt\/uv_laser_marking_machine_video","title":{"rendered":"V\u00eddeo da m\u00e1quina de marca\u00e7\u00e3o a laser UV"},"content":{"rendered":"<div data-elementor-type=\"wp-page\" data-elementor-id=\"15419\" class=\"elementor elementor-15419\" data-elementor-post-type=\"page\">\n\t\t\t\t\t\t<section class=\"elementor-section elementor-top-section elementor-element elementor-element-1fac36dc elementor-section-boxed elementor-section-height-default elementor-section-height-default\" data-id=\"1fac36dc\" data-element_type=\"section\" data-e-type=\"section\">\n\t\t\t\t\t\t<div class=\"elementor-container elementor-column-gap-default\">\n\t\t\t\t\t<div class=\"elementor-column elementor-col-100 elementor-top-column elementor-element elementor-element-613cb117 ot-flex-column-vertical\" data-id=\"613cb117\" data-element_type=\"column\" data-e-type=\"column\">\n\t\t\t<div class=\"elementor-widget-wrap elementor-element-populated\">\n\t\t\t\t\t\t<div class=\"elementor-element elementor-element-24aea61f theratio-align-center elementor-widget elementor-widget-iheading\" data-id=\"24aea61f\" data-element_type=\"widget\" data-e-type=\"widget\" data-widget_type=\"iheading.default\">\n\t\t\t\t<div class=\"elementor-widget-container\">\n\t\t\t\t\t\r\n\t\t<div class=\"ot-heading is-dots\">\r\r\n\t        \r\n\t        <h2 class=\"main-heading\">V\u00eddeo da m\u00e1quina de marca\u00e7\u00e3o a laser UV<\/h2>\r\r\n\t        \r\n\t    <\/div>\r\r\n\t    \t\t\t\t<\/div>\n\t\t\t\t<\/div>\n\t\t\t\t<div class=\"elementor-element elementor-element-1403303 elementor-widget elementor-widget-ipost_grid\" data-id=\"1403303\" data-element_type=\"widget\" data-e-type=\"widget\" data-widget_type=\"ipost_grid.default\">\n\t\t\t\t<div class=\"elementor-widget-container\">\n\t\t\t\t\t\t\t<div class=\"blog-grid pf_3_cols v-light\">\r\n\t\t    \r\n        \t \r\n          \r\n\t\t\t   <article id=\"post-30732\" class=\"post-box masonry-post-item a_border post-30732 post type-post status-publish format-video hentry category-uv_laser_marking_machine_video category-video tag-glass-uv-laser-marking tag-3d-uv-laser-marking-machine tag-uv-laser-marking-machine tag-laser-marking-machine tag-laser-engraving tag-uv-laser-marking-machine-price post_format-post-format-video\">\r\n\t\t\t\t\t<div class=\"post-inner\">\r\n\t\t\t\t\t    \r\n\t\t\t\t    \t\t\t\t\t\t\t\t\t\t\t\t\t\t\t\t\t\t\t<div class=\"entry-media\">\r\n\t\t\t\t\t\t\t<iframe class=\"lx_iframe\" width=\"100%\" src='https:\/\/www.youtube.com\/embed\/60FRc7MKc3Y?si=2CmaYss6bUJ0sZtS' frameborder=\"0\" 'allowfullscreen'><\/iframe>\r\n\t\t\t\t\t\t    \t\t\t\t\t\t<\/div>\r\n\r\n\t\t\t\t\t    <div class=\"inner-post\">\r\n\t\t\t\t\t        <div class=\"entry-header\">\r\n\t\t\t\t\t        \t\t\t\t\t\t            <h5 class=\"entry-title\"><a class=\"title-link\" href=\"https:\/\/www.jncslaser.com\/pt\/video\/uv_laser_marking_machine_video\/10w-3d-dynamic-focusing-uv-laser-marking-machine-glass-cup-personal-design-marking.html\" rel=\"bookmark\">10W 3D Dynamic Focusing UV Laser Marking Machine Glass Cup Personal Design Marking<\/a><\/h5>\t\t\t\t\t        <\/div><!-- .entry-header -->\r\n\r\n\t\t\t\t\t        <div class=\"the-excerpt\">\r\n\t\t\t\t\t            <a href=\"https:\/\/www.jncslaser.com\/pt\/video\/uv_laser_marking_machine_video\/10w-3d-dynamic-focusing-uv-laser-marking-machine-glass-cup-personal-design-marking.html\"><\/a>\r\n\t\t\t\t\t        <\/div><!-- .entry-content -->\r\n\t\t\t\t\t    <\/div>\r\n\t\t\t\t\t<\/div>\r\n\t\t\t\t<\/article>\r\n\t\r\n\t\t\t\t \r\n          \r\n\t\t\t   <article id=\"post-30730\" class=\"post-box masonry-post-item a_border post-30730 post type-post status-publish format-video hentry category-uv_laser_marking_machine_video category-video tag-laser-engraving tag-uv-laser-marking-machine-price tag-glass-uv-laser-marking tag-3d-uv-laser-marking-machine tag-uv-laser-marking-machine tag-laser-marking-machine post_format-post-format-video\">\r\n\t\t\t\t\t<div class=\"post-inner\">\r\n\t\t\t\t\t    \r\n\t\t\t\t    \t\t\t\t\t\t\t\t\t\t\t\t\t\t\t\t\t\t\t<div class=\"entry-media\">\r\n\t\t\t\t\t\t\t<iframe class=\"lx_iframe\" width=\"100%\" src='https:\/\/www.youtube.com\/embed\/GwFTmjhSz5g?si=KMBsbnwK1nBB-7CP' frameborder=\"0\" 'allowfullscreen'><\/iframe>\r\n\t\t\t\t\t\t    \t\t\t\t\t\t<\/div>\r\n\r\n\t\t\t\t\t    <div class=\"inner-post\">\r\n\t\t\t\t\t        <div class=\"entry-header\">\r\n\t\t\t\t\t        \t\t\t\t\t\t            <h5 class=\"entry-title\"><a class=\"title-link\" href=\"https:\/\/www.jncslaser.com\/pt\/video\/uv_laser_marking_machine_video\/10w-3d-dynamic-focusing-uv-laser-marking-machine-glass-cup-gift-marking.html\" rel=\"bookmark\">10W 3D Dynamic focusing UV Laser Marking Machine Glass cup gift marking<\/a><\/h5>\t\t\t\t\t        <\/div><!-- .entry-header -->\r\n\r\n\t\t\t\t\t        <div class=\"the-excerpt\">\r\n\t\t\t\t\t            <a href=\"https:\/\/www.jncslaser.com\/pt\/video\/uv_laser_marking_machine_video\/10w-3d-dynamic-focusing-uv-laser-marking-machine-glass-cup-gift-marking.html\"><\/a>\r\n\t\t\t\t\t        <\/div><!-- .entry-content -->\r\n\t\t\t\t\t    <\/div>\r\n\t\t\t\t\t<\/div>\r\n\t\t\t\t<\/article>\r\n\t\r\n\t\t\t\t \r\n          \r\n\t\t\t   <article id=\"post-30728\" class=\"post-box masonry-post-item a_border post-30728 post type-post status-publish format-video hentry category-uv_laser_marking_machine_video category-video tag-laser-marking-machine tag-laser-engraving tag-uv-laser-marking-machine-price tag-glass-uv-laser-marking tag-3d-uv-laser-marking-machine tag-uv-laser-marking-machine post_format-post-format-video\">\r\n\t\t\t\t\t<div class=\"post-inner\">\r\n\t\t\t\t\t    \r\n\t\t\t\t    \t\t\t\t\t\t\t\t\t\t\t\t\t\t\t\t\t\t\t<div class=\"entry-media\">\r\n\t\t\t\t\t\t\t<iframe class=\"lx_iframe\" width=\"100%\" src='https:\/\/www.youtube.com\/embed\/zsWTt5KiRCM?si=h2_3aStCXJaUj0w1' frameborder=\"0\" 'allowfullscreen'><\/iframe>\r\n\t\t\t\t\t\t    \t\t\t\t\t\t<\/div>\r\n\r\n\t\t\t\t\t    <div class=\"inner-post\">\r\n\t\t\t\t\t        <div class=\"entry-header\">\r\n\t\t\t\t\t        \t\t\t\t\t\t            <h5 class=\"entry-title\"><a class=\"title-link\" href=\"https:\/\/www.jncslaser.com\/pt\/video\/uv_laser_marking_machine_video\/10w-3d-dynamic-focusing-uv-laser-marking-machine-with-protect-cover-glass-cup-marking.html\" rel=\"bookmark\">10W 3D Dynamic Focusing UV Laser Marking Machine with Protect Cover Glass Cup Marking<\/a><\/h5>\t\t\t\t\t        <\/div><!-- .entry-header -->\r\n\r\n\t\t\t\t\t        <div class=\"the-excerpt\">\r\n\t\t\t\t\t            <a href=\"https:\/\/www.jncslaser.com\/pt\/video\/uv_laser_marking_machine_video\/10w-3d-dynamic-focusing-uv-laser-marking-machine-with-protect-cover-glass-cup-marking.html\"><\/a>\r\n\t\t\t\t\t        <\/div><!-- .entry-content -->\r\n\t\t\t\t\t    <\/div>\r\n\t\t\t\t\t<\/div>\r\n\t\t\t\t<\/article>\r\n\t\r\n\t\t\t\t \r\n          \r\n\t\t\t   <article id=\"post-29532\" class=\"post-box masonry-post-item a_border post-29532 post type-post status-publish format-video hentry category-uv_laser_marking_machine_video category-video tag-uv-laser-marking-machine tag-laser-marking-machine tag-laser-engraving tag-plastic-marking tag-plastic-engraving tag-uv-laser-marking-machine-price post_format-post-format-video\">\r\n\t\t\t\t\t<div class=\"post-inner\">\r\n\t\t\t\t\t    \r\n\t\t\t\t    \t\t\t\t\t\t\t\t\t\t\t\t\t\t\t\t\t\t\t<div class=\"entry-media\">\r\n\t\t\t\t\t\t\t<iframe class=\"lx_iframe\" width=\"100%\" src='https:\/\/www.youtube.com\/embed\/gOz7suXcz8U?si=hmy7_Fbb4_yNG3IK' frameborder=\"0\" 'allowfullscreen'><\/iframe>\r\n\t\t\t\t\t\t    \t\t\t\t\t\t<\/div>\r\n\r\n\t\t\t\t\t    <div class=\"inner-post\">\r\n\t\t\t\t\t        <div class=\"entry-header\">\r\n\t\t\t\t\t        \t\t\t\t\t\t            <h5 class=\"entry-title\"><a class=\"title-link\" href=\"https:\/\/www.jncslaser.com\/pt\/video\/uv_laser_marking_machine_video\/5w-uv-laser-marking-machine-for-crystal-3d-inner-engraving.html\" rel=\"bookmark\">5w uv laser marking machine for crystal 3d inner engraving<\/a><\/h5>\t\t\t\t\t        <\/div><!-- .entry-header -->\r\n\r\n\t\t\t\t\t        <div class=\"the-excerpt\">\r\n\t\t\t\t\t            <a href=\"https:\/\/www.jncslaser.com\/pt\/video\/uv_laser_marking_machine_video\/5w-uv-laser-marking-machine-for-crystal-3d-inner-engraving.html\"><\/a>\r\n\t\t\t\t\t        <\/div><!-- .entry-content -->\r\n\t\t\t\t\t    <\/div>\r\n\t\t\t\t\t<\/div>\r\n\t\t\t\t<\/article>\r\n\t\r\n\t\t\t\t \r\n          \r\n\t\t\t   <article id=\"post-29425\" class=\"post-box masonry-post-item a_border post-29425 post type-post status-publish format-video hentry category-uv_laser_marking_machine_video category-video tag-uv-laser-marking-machine tag-laser-marking-machine tag-laser-engraving tag-plastic-marking tag-plastic-engraving tag-uv-laser-marking-machine-price post_format-post-format-video\">\r\n\t\t\t\t\t<div class=\"post-inner\">\r\n\t\t\t\t\t    \r\n\t\t\t\t    \t\t\t\t\t\t\t\t\t\t\t\t\t\t\t\t\t\t\t<div class=\"entry-media\">\r\n\t\t\t\t\t\t\t<iframe class=\"lx_iframe\" width=\"100%\" src='https:\/\/www.youtube.com\/embed\/tVJ7NPToFT8?si=Yx2Eku7G20UkshCf' frameborder=\"0\" 'allowfullscreen'><\/iframe>\r\n\t\t\t\t\t\t    \t\t\t\t\t\t<\/div>\r\n\r\n\t\t\t\t\t    <div class=\"inner-post\">\r\n\t\t\t\t\t        <div class=\"entry-header\">\r\n\t\t\t\t\t        \t\t\t\t\t\t            <h5 class=\"entry-title\"><a class=\"title-link\" href=\"https:\/\/www.jncslaser.com\/pt\/video\/uv_laser_marking_machine_video\/hot-sale-5w-10w-small-desktop-uv-laser-marking-machine-for-wood-plastic-glass-metal-marking.html\" rel=\"bookmark\">hot sale 5w 10w small desktop uv laser marking machine for wood, plastic, glass, metal marking<\/a><\/h5>\t\t\t\t\t        <\/div><!-- .entry-header -->\r\n\r\n\t\t\t\t\t        <div class=\"the-excerpt\">\r\n\t\t\t\t\t            <a href=\"https:\/\/www.jncslaser.com\/pt\/video\/uv_laser_marking_machine_video\/hot-sale-5w-10w-small-desktop-uv-laser-marking-machine-for-wood-plastic-glass-metal-marking.html\"><\/a>\r\n\t\t\t\t\t        <\/div><!-- .entry-content -->\r\n\t\t\t\t\t    <\/div>\r\n\t\t\t\t\t<\/div>\r\n\t\t\t\t<\/article>\r\n\t\r\n\t\t\t\t \r\n          \r\n\t\t\t   <article id=\"post-29270\" class=\"post-box masonry-post-item a_border post-29270 post type-post status-publish format-video hentry category-uv_laser_marking_machine_video category-video tag-uv-laser-marking-machine tag-laser-marking-machine tag-laser-engraving tag-plastic-marking tag-plastic-engraving tag-uv-laser-marking-machine-price post_format-post-format-video\">\r\n\t\t\t\t\t<div class=\"post-inner\">\r\n\t\t\t\t\t    \r\n\t\t\t\t    \t\t\t\t\t\t\t\t\t\t\t\t\t\t\t\t\t\t\t<div class=\"entry-media\">\r\n\t\t\t\t\t\t\t<iframe class=\"lx_iframe\" width=\"100%\" src='https:\/\/www.youtube.com\/embed\/1ZEKMp8-TvE?si=vOrpUXtbskCJ-IiG' frameborder=\"0\" 'allowfullscreen'><\/iframe>\r\n\t\t\t\t\t\t    \t\t\t\t\t\t<\/div>\r\n\r\n\t\t\t\t\t    <div class=\"inner-post\">\r\n\t\t\t\t\t        <div class=\"entry-header\">\r\n\t\t\t\t\t        \t\t\t\t\t\t            <h5 class=\"entry-title\"><a class=\"title-link\" href=\"https:\/\/www.jncslaser.com\/pt\/video\/uv_laser_marking_machine_video\/uv-laser-marking-machine-for-full-color-gobo-glass-marking.html\" rel=\"bookmark\">uv laser marking machine for full color gobo glass marking<\/a><\/h5>\t\t\t\t\t        <\/div><!-- .entry-header -->\r\n\r\n\t\t\t\t\t        <div class=\"the-excerpt\">\r\n\t\t\t\t\t            <a href=\"https:\/\/www.jncslaser.com\/pt\/video\/uv_laser_marking_machine_video\/uv-laser-marking-machine-for-full-color-gobo-glass-marking.html\"><\/a>\r\n\t\t\t\t\t        <\/div><!-- .entry-content -->\r\n\t\t\t\t\t    <\/div>\r\n\t\t\t\t\t<\/div>\r\n\t\t\t\t<\/article>\r\n\t\r\n\t\t\t\t \r\n          \r\n\t\t\t   <article id=\"post-29264\" class=\"post-box masonry-post-item a_border post-29264 post type-post status-publish format-video hentry category-uv_laser_marking_machine_video category-video tag-uv-laser-marking-machine-price tag-uv-laser-marking-machine tag-laser-marking-machine tag-laser-engraving tag-plastic-marking tag-plastic-engraving post_format-post-format-video\">\r\n\t\t\t\t\t<div class=\"post-inner\">\r\n\t\t\t\t\t    \r\n\t\t\t\t    \t\t\t\t\t\t\t\t\t\t\t\t\t\t\t\t\t\t\t<div class=\"entry-media\">\r\n\t\t\t\t\t\t\t<iframe class=\"lx_iframe\" width=\"100%\" src='https:\/\/www.youtube.com\/embed\/jvHjzgTCM1I?si=y976MEVrm4LvY5Cd' frameborder=\"0\" 'allowfullscreen'><\/iframe>\r\n\t\t\t\t\t\t    \t\t\t\t\t\t<\/div>\r\n\r\n\t\t\t\t\t    <div class=\"inner-post\">\r\n\t\t\t\t\t        <div class=\"entry-header\">\r\n\t\t\t\t\t        \t\t\t\t\t\t            <h5 class=\"entry-title\"><a class=\"title-link\" href=\"https:\/\/www.jncslaser.com\/pt\/video\/uv_laser_marking_machine_video\/hot-sale-5w-desktop-uv-laser-marking-machine-glass-marking-different-plastic-marking.html\" rel=\"bookmark\">hot sale 5w desktop uv laser marking machine glass marking, different plastic marking<\/a><\/h5>\t\t\t\t\t        <\/div><!-- .entry-header -->\r\n\r\n\t\t\t\t\t        <div class=\"the-excerpt\">\r\n\t\t\t\t\t            <a href=\"https:\/\/www.jncslaser.com\/pt\/video\/uv_laser_marking_machine_video\/hot-sale-5w-desktop-uv-laser-marking-machine-glass-marking-different-plastic-marking.html\"><\/a>\r\n\t\t\t\t\t        <\/div><!-- .entry-content -->\r\n\t\t\t\t\t    <\/div>\r\n\t\t\t\t\t<\/div>\r\n\t\t\t\t<\/article>\r\n\t\r\n\t\t\t\t \r\n          \r\n\t\t\t   <article id=\"post-28633\" class=\"post-box masonry-post-item a_border post-28633 post type-post status-publish format-video hentry category-video category-uv_laser_marking_machine_video tag-plastic-marking tag-plastic-engraving tag-uv-laser-marking-machine-price tag-uv-laser-marking-machine tag-laser-marking-machine tag-laser-engraving post_format-post-format-video\">\r\n\t\t\t\t\t<div class=\"post-inner\">\r\n\t\t\t\t\t    \r\n\t\t\t\t    \t\t\t\t\t\t\t\t\t\t\t\t\t\t\t\t\t\t\t<div class=\"entry-media\">\r\n\t\t\t\t\t\t\t<iframe class=\"lx_iframe\" width=\"100%\" src='https:\/\/www.youtube.com\/embed\/_eO3IPiRESk?si=oMgQCucS4RPMXFjR' frameborder=\"0\" 'allowfullscreen'><\/iframe>\r\n\t\t\t\t\t\t    \t\t\t\t\t\t<\/div>\r\n\r\n\t\t\t\t\t    <div class=\"inner-post\">\r\n\t\t\t\t\t        <div class=\"entry-header\">\r\n\t\t\t\t\t        \t\t\t\t\t\t            <h5 class=\"entry-title\"><a class=\"title-link\" href=\"https:\/\/www.jncslaser.com\/pt\/video\/high-precision-5w-uv-laser-marking-machine-with-ccd-visual-positioning-system-and-conveyor-belt.html\" rel=\"bookmark\">high precision 5w UV Laser Marking Machine with CCD Visual Positioning System and conveyor belt<\/a><\/h5>\t\t\t\t\t        <\/div><!-- .entry-header -->\r\n\r\n\t\t\t\t\t        <div class=\"the-excerpt\">\r\n\t\t\t\t\t            <a href=\"https:\/\/www.jncslaser.com\/pt\/video\/high-precision-5w-uv-laser-marking-machine-with-ccd-visual-positioning-system-and-conveyor-belt.html\"><\/a>\r\n\t\t\t\t\t        <\/div><!-- .entry-content -->\r\n\t\t\t\t\t    <\/div>\r\n\t\t\t\t\t<\/div>\r\n\t\t\t\t<\/article>\r\n\t\r\n\t\t\t\t \r\n          \r\n\t\t\t   <article id=\"post-28631\" class=\"post-box masonry-post-item a_border post-28631 post type-post status-publish format-video hentry category-video category-uv_laser_marking_machine_video tag-laser-marking-machine tag-laser-engraving tag-plastic-marking tag-plastic-engraving tag-uv-laser-marking-machine-price tag-uv-laser-marking-machine post_format-post-format-video\">\r\n\t\t\t\t\t<div class=\"post-inner\">\r\n\t\t\t\t\t    \r\n\t\t\t\t    \t\t\t\t\t\t\t\t\t\t\t\t\t\t\t\t\t\t\t<div class=\"entry-media\">\r\n\t\t\t\t\t\t\t<iframe class=\"lx_iframe\" width=\"100%\" src='https:\/\/www.youtube.com\/embed\/t0J8_seWhig?si=rGOp8-XsZfGcKUP0' frameborder=\"0\" 'allowfullscreen'><\/iframe>\r\n\t\t\t\t\t\t    \t\t\t\t\t\t<\/div>\r\n\r\n\t\t\t\t\t    <div class=\"inner-post\">\r\n\t\t\t\t\t        <div class=\"entry-header\">\r\n\t\t\t\t\t        \t\t\t\t\t\t            <h5 class=\"entry-title\"><a class=\"title-link\" href=\"https:\/\/www.jncslaser.com\/pt\/video\/10w-desktop-uv-laser-marking-machine-for-marking-and-cutting-heat-shrinkable-tube.html\" rel=\"bookmark\">10W Desktop UV Laser Marking Machine for Marking and Cutting Heat Shrinkable Tube<\/a><\/h5>\t\t\t\t\t        <\/div><!-- .entry-header -->\r\n\r\n\t\t\t\t\t        <div class=\"the-excerpt\">\r\n\t\t\t\t\t            <a href=\"https:\/\/www.jncslaser.com\/pt\/video\/10w-desktop-uv-laser-marking-machine-for-marking-and-cutting-heat-shrinkable-tube.html\"><\/a>\r\n\t\t\t\t\t        <\/div><!-- .entry-content -->\r\n\t\t\t\t\t    <\/div>\r\n\t\t\t\t\t<\/div>\r\n\t\t\t\t<\/article>\r\n\t\r\n\t\t\t\t \r\n          \r\n\t\t\t   <article id=\"post-28513\" class=\"post-box masonry-post-item a_border post-28513 post type-post status-publish format-video hentry category-video category-uv_laser_marking_machine_video tag-uv-laser-marking-machine tag-laser-marking-machine tag-laser-engraving tag-plastic-marking tag-plastic-engraving tag-uv-laser-marking-machine-price post_format-post-format-video\">\r\n\t\t\t\t\t<div class=\"post-inner\">\r\n\t\t\t\t\t    \r\n\t\t\t\t    \t\t\t\t\t\t\t\t\t\t\t\t\t\t\t\t\t\t\t<div class=\"entry-media\">\r\n\t\t\t\t\t\t\t<iframe class=\"lx_iframe\" width=\"100%\" src='https:\/\/www.youtube.com\/embed\/6MKAbO_GocY?si=odLzzaqpL3Y82S-R' frameborder=\"0\" 'allowfullscreen'><\/iframe>\r\n\t\t\t\t\t\t    \t\t\t\t\t\t<\/div>\r\n\r\n\t\t\t\t\t    <div class=\"inner-post\">\r\n\t\t\t\t\t        <div class=\"entry-header\">\r\n\t\t\t\t\t        \t\t\t\t\t\t            <h5 class=\"entry-title\"><a class=\"title-link\" href=\"https:\/\/www.jncslaser.com\/pt\/video\/5w-desktop-3d-dynamic-focusing-uv-laser-marking-machine-for-glass-cup-personalized-engraving.html\" rel=\"bookmark\">5W desktop 3D Dynamic focusing uv laser marking machine for glass cup Personalized Engraving<\/a><\/h5>\t\t\t\t\t        <\/div><!-- .entry-header -->\r\n\r\n\t\t\t\t\t        <div class=\"the-excerpt\">\r\n\t\t\t\t\t            <a href=\"https:\/\/www.jncslaser.com\/pt\/video\/5w-desktop-3d-dynamic-focusing-uv-laser-marking-machine-for-glass-cup-personalized-engraving.html\"><\/a>\r\n\t\t\t\t\t        <\/div><!-- .entry-content -->\r\n\t\t\t\t\t    <\/div>\r\n\t\t\t\t\t<\/div>\r\n\t\t\t\t<\/article>\r\n\t\r\n\t\t\t\t \r\n          \r\n\t\t\t   <article id=\"post-28468\" class=\"post-box masonry-post-item a_border post-28468 post type-post status-publish format-video hentry category-video category-uv_laser_marking_machine_video tag-uv-laser-marking-machine tag-laser-marking-machine tag-laser-engraving tag-plastic-marking tag-plastic-engraving tag-uv-laser-marking-machine-price post_format-post-format-video\">\r\n\t\t\t\t\t<div class=\"post-inner\">\r\n\t\t\t\t\t    \r\n\t\t\t\t    \t\t\t\t\t\t\t\t\t\t\t\t\t\t\t\t\t\t\t<div class=\"entry-media\">\r\n\t\t\t\t\t\t\t<iframe class=\"lx_iframe\" width=\"100%\" src='https:\/\/www.youtube.com\/embed\/Idq8Jr_DOVA?si=fPkP1G5wQRtw6KdG' frameborder=\"0\" 'allowfullscreen'><\/iframe>\r\n\t\t\t\t\t\t    \t\t\t\t\t\t<\/div>\r\n\r\n\t\t\t\t\t    <div class=\"inner-post\">\r\n\t\t\t\t\t        <div class=\"entry-header\">\r\n\t\t\t\t\t        \t\t\t\t\t\t            <h5 class=\"entry-title\"><a class=\"title-link\" href=\"https:\/\/www.jncslaser.com\/pt\/video\/10w-desktop-uv-laser-marking-machine-for-metal-and-nonmetal-marking-glass-plastic-wood-steel.html\" rel=\"bookmark\">10W desktop uv laser marking machine for metal and nonmetal marking glass plastic wood steel<\/a><\/h5>\t\t\t\t\t        <\/div><!-- .entry-header -->\r\n\r\n\t\t\t\t\t        <div class=\"the-excerpt\">\r\n\t\t\t\t\t            <a href=\"https:\/\/www.jncslaser.com\/pt\/video\/10w-desktop-uv-laser-marking-machine-for-metal-and-nonmetal-marking-glass-plastic-wood-steel.html\"><\/a>\r\n\t\t\t\t\t        <\/div><!-- .entry-content -->\r\n\t\t\t\t\t    <\/div>\r\n\t\t\t\t\t<\/div>\r\n\t\t\t\t<\/article>\r\n\t\r\n\t\t\t\t \r\n          \r\n\t\t\t   <article id=\"post-28464\" class=\"post-box masonry-post-item a_border post-28464 post type-post status-publish format-video hentry category-video category-uv_laser_marking_machine_video tag-uv-laser-marking-machine tag-laser-marking-machine tag-laser-engraving tag-plastic-marking tag-plastic-engraving tag-uv-laser-marking-machine-price post_format-post-format-video\">\r\n\t\t\t\t\t<div class=\"post-inner\">\r\n\t\t\t\t\t    \r\n\t\t\t\t    \t\t\t\t\t\t\t\t\t\t\t\t\t\t\t\t\t\t\t<div class=\"entry-media\">\r\n\t\t\t\t\t\t\t<iframe class=\"lx_iframe\" width=\"100%\" src='https:\/\/www.youtube.com\/embed\/dkb4nl45sKM?si=WtSKPyBpMwpQqHy3' frameborder=\"0\" 'allowfullscreen'><\/iframe>\r\n\t\t\t\t\t\t    \t\t\t\t\t\t<\/div>\r\n\r\n\t\t\t\t\t    <div class=\"inner-post\">\r\n\t\t\t\t\t        <div class=\"entry-header\">\r\n\t\t\t\t\t        \t\t\t\t\t\t            <h5 class=\"entry-title\"><a class=\"title-link\" href=\"https:\/\/www.jncslaser.com\/pt\/video\/high-quality-5w-3d-dynamic-focusing-uv-laser-marking-machine-for-glass-cup-personal-design-marking.html\" rel=\"bookmark\">high quality 5w 3D dynamic focusing uv laser marking machine for glass cup personal design marking<\/a><\/h5>\t\t\t\t\t        <\/div><!-- .entry-header -->\r\n\r\n\t\t\t\t\t        <div class=\"the-excerpt\">\r\n\t\t\t\t\t            <a href=\"https:\/\/www.jncslaser.com\/pt\/video\/high-quality-5w-3d-dynamic-focusing-uv-laser-marking-machine-for-glass-cup-personal-design-marking.html\"><\/a>\r\n\t\t\t\t\t        <\/div><!-- .entry-content -->\r\n\t\t\t\t\t    <\/div>\r\n\t\t\t\t\t<\/div>\r\n\t\t\t\t<\/article>\r\n\t\r\n\t\t\t\t\t\t\t\t       \r\n\t    <\/div>\r\n\t    <ul class=\"page-pagination none-style\">\n\t<li><span aria-current=\"page\" class=\"page-numbers current\">1<\/span><\/li>\n\t<li><a class=\"page-numbers\" href=\"https:\/\/www.jncslaser.com\/pt\/wp-json\/wp\/v2\/pages\/15419\/page\/2\">2<\/a><\/li>\n\t<li><a class=\"page-numbers\" href=\"https:\/\/www.jncslaser.com\/pt\/wp-json\/wp\/v2\/pages\/15419\/page\/3\">3<\/a><\/li>\n\t<li><a class=\"page-numbers\" href=\"https:\/\/www.jncslaser.com\/pt\/wp-json\/wp\/v2\/pages\/15419\/page\/4\">4<\/a><\/li>\n\t<li><a class=\"next page-numbers\" href=\"https:\/\/www.jncslaser.com\/pt\/wp-json\/wp\/v2\/pages\/15419\/page\/2\"><i class=\"ot-flaticon-right-arrow\"><\/i><\/a><\/li>\n<\/ul>\n\t    \r\n\t\t\t\t\t\t<\/div>\n\t\t\t\t<\/div>\n\t\t\t\t\t<\/div>\n\t\t<\/div>\n\t\t\t\t\t<\/div>\n\t\t<\/section>\n\t\t\t\t<\/div>","protected":false},"excerpt":{"rendered":"<p>UV Laser Marking Machine Video video2<\/p>","protected":false},"author":1,"featured_media":0,"parent":0,"menu_order":0,"comment_status":"closed","ping_status":"closed","template":"","meta":{"footnotes":""},"class_list":["post-15419","page","type-page","status-publish","hentry"],"_links":{"self":[{"href":"https:\/\/www.jncslaser.com\/pt\/wp-json\/wp\/v2\/pages\/15419","targetHints":{"allow":["GET"]}}],"collection":[{"href":"https:\/\/www.jncslaser.com\/pt\/wp-json\/wp\/v2\/pages"}],"about":[{"href":"https:\/\/www.jncslaser.com\/pt\/wp-json\/wp\/v2\/types\/page"}],"author":[{"embeddable":true,"href":"https:\/\/www.jncslaser.com\/pt\/wp-json\/wp\/v2\/users\/1"}],"replies":[{"embeddable":true,"href":"https:\/\/www.jncslaser.com\/pt\/wp-json\/wp\/v2\/comments?post=15419"}],"version-history":[{"count":0,"href":"https:\/\/www.jncslaser.com\/pt\/wp-json\/wp\/v2\/pages\/15419\/revisions"}],"wp:attachment":[{"href":"https:\/\/www.jncslaser.com\/pt\/wp-json\/wp\/v2\/media?parent=15419"}],"curies":[{"name":"wp","href":"https:\/\/api.w.org\/{rel}","templated":true}]}}