
{"id":13916,"date":"2021-09-04T10:22:25","date_gmt":"2021-09-04T02:22:25","guid":{"rendered":"https:\/\/www.jncslaser.com\/?page_id=13916"},"modified":"2024-01-04T15:15:03","modified_gmt":"2024-01-04T07:15:03","slug":"download","status":"publish","type":"page","link":"https:\/\/www.jncslaser.com\/pt\/download","title":{"rendered":"Download"},"content":{"rendered":"<div data-elementor-type=\"wp-page\" data-elementor-id=\"13916\" class=\"elementor elementor-13916\" data-elementor-post-type=\"page\">\n\t\t\t\t\t\t<section class=\"elementor-section elementor-top-section elementor-element elementor-element-b52a63f elementor-section-boxed elementor-section-height-default elementor-section-height-default\" data-id=\"b52a63f\" data-element_type=\"section\" data-e-type=\"section\">\n\t\t\t\t\t\t<div class=\"elementor-container elementor-column-gap-default\">\n\t\t\t\t\t<div class=\"elementor-column elementor-col-100 elementor-top-column elementor-element elementor-element-1c533f3 ot-flex-column-vertical\" data-id=\"1c533f3\" data-element_type=\"column\" data-e-type=\"column\">\n\t\t\t<div class=\"elementor-widget-wrap elementor-element-populated\">\n\t\t\t\t\t\t<div class=\"elementor-element elementor-element-7317c23 elementor-widget elementor-widget-heading\" data-id=\"7317c23\" data-element_type=\"widget\" data-e-type=\"widget\" data-widget_type=\"heading.default\">\n\t\t\t\t<div class=\"elementor-widget-container\">\n\t\t\t\t\t<h2 class=\"elementor-heading-title elementor-size-xl\">Download<\/h2>\t\t\t\t<\/div>\n\t\t\t\t<\/div>\n\t\t\t\t<div class=\"elementor-element elementor-element-c875f7a elementor-widget elementor-widget-text-editor\" data-id=\"c875f7a\" data-element_type=\"widget\" data-e-type=\"widget\" data-widget_type=\"text-editor.default\">\n\t\t\t\t<div class=\"elementor-widget-container\">\n\t\t\t\t\t\t\t\t\t<div class=\"support\">\n\t\t\t<table cellspacing=\"0\">\n\t\t\t\t<tbody><tr>\n\t\t\t\t\t<th>TIPO<\/th>\n\t\t\t\t\t<th>T\u00cdTULO<\/th>\n\t\t\t\t\t<th>TAMANHO<\/th>\n\t\t\t\t\t<th>DOWNLOAD<\/th>\n\t\t\t\t<\/tr>\n\t\t\t\t\t\t\t\t<tr>\n\t\t\t\t\t<td>M\u00e1quina de marca\u00e7\u00e3o a laser<\/td>\n\t\t\t\t\t<td>Software V2 JCZ EZ cad<\/td>\n\t\t\t\t\t<td>13,34 MB<\/td>\n\t\t\t\t\t<td><a href=\"\/pt\/uploads\/image\/20170605\/v2.rar\/\">Download<\/a><\/td>\n\t\t\t\t<\/tr>\n\t\t\t\t\t\t\t\t<tr>\n\t\t\t\t\t<td>M\u00e1quina de marca\u00e7\u00e3o a laser<\/td>\n\t\t\t\t\t<td>Software V4 JCZ EZ cad<\/td>\n\t\t\t\t\t<td>13,62 MB<\/td>\n\t\t\t\t\t<td><a href=\"\/pt\/uploads\/image\/20170605\/v4.rar\/\">Download<\/a><\/td>\n\t\t\t\t<\/tr>\n\t\t\t\t\t\t\t\t<tr>\n\t\t\t\t\t<td>M\u00e1quina de corte de grava\u00e7\u00e3o a laser<\/td>\n\t\t\t\t\t<td>Software RD Work V8.0<\/td>\n\t\t\t\t\t<td>7,11 MB<\/td>\n\t\t\t\t\t<td><a href=\"\/pt\/uploads\/image\/20170605\/rd.zip\/\">Download<\/a><\/td>\n\t\t\t\t<\/tr>\n\t\t\t\t\t\t\t\t<tr>\n\t\t\t\t\t<td>M\u00e1quina de marca\u00e7\u00e3o pneum\u00e1tica<\/td>\n\t\t\t\t\t<td>Software Thor6<\/td>\n\t\t\t\t\t<td>42,49 MB<\/td>\n\t\t\t\t\t<td><a href=\"\/pt\/uploads\/image\/20170605\/t6.zip\/\">Download<\/a><\/td>\n\t\t\t\t<\/tr>\n\t\t\t\t\t\t\t\t<tr>\n\t\t\t\t\t<td>M\u00e1quina de marca\u00e7\u00e3o a laser<\/td>\n\t\t\t\t\t<td>Cat\u00e1logo de m\u00e1quinas de marca\u00e7\u00e3o a laser Jinan Consure<\/td>\n\t\t\t\t\t<td>1,53 MB<\/td>\n\t\t\t\t\t<td><a href=\"\/pt\/uploads\/image\/20171031\/1509426944.doc\/\">Download<\/a><\/td>\n\t\t\t\t<\/tr>\n\t\t\t\t\t\t\t\t<tr>\n\t\t\t\t\t<td>M\u00e1quina de marca\u00e7\u00e3o a laser<\/td>\n\t\t\t\t\t<td>Manual do usu\u00e1rio do software Ez cad V2<\/td>\n\t\t\t\t\t<td>1,89 MB<\/td>\n\t\t\t\t\t<td><a href=\"\/pt\/uploads\/image\/20210206\/1612612722.rar\/\">Download<\/a><\/td>\n\t\t\t\t<\/tr>\n\t\t\t\t\t\t\t\t<tr>\n\t\t\t\t\t<td>M\u00e1quina de marca\u00e7\u00e3o a laser<\/td>\n\t\t\t\t\t<td>Manual do usu\u00e1rio da m\u00e1quina de marca\u00e7\u00e3o a laser de fibra<\/td>\n\t\t\t\t\t<td>1,98 MB<\/td>\n\t\t\t\t\t<td><a href=\"\/pt\/uploads\/image\/20210207\/1612682023.rar\/\">Download<\/a><\/td>\n\t\t\t\t<\/tr>\n\t\t\t\t\t\t\t\t<tr>\n\t\t\t\t\t<td>M\u00e1quina de solda a laser<\/td>\n\t\t\t\t\t<td>Manual do usu\u00e1rio da m\u00e1quina de solda a laser de fibra port\u00e1til<\/td>\n\t\t\t\t\t<td>1,42 MB<\/td>\n\t\t\t\t\t<td><a href=\"\/pt\/uploads\/image\/20210207\/1612691760.rar\/\">Download<\/a><\/td>\n\t\t\t\t<\/tr>\n\t\t\t\t\t\t\t\t<tr>\n\t\t\t\t\t<td>M\u00e1quina de solda a laser<\/td>\n\t\t\t\t\t<td>Manual do usu\u00e1rio da m\u00e1quina de solda a laser para joias<\/td>\n\t\t\t\t\t<td>1,04 MB<\/td>\n\t\t\t\t\t<td><a href=\"\/pt\/uploads\/image\/20210219\/1613726988.rar\/\">Download<\/a><\/td>\n\t\t\t\t<\/tr>\n\t\t\t\t\t\t\t\t<tr>\n\t\t\t\t\t<td>M\u00e1quina de solda a laser<\/td>\n\t\t\t\t\t<td>Manual do usu\u00e1rio da m\u00e1quina de solda a laser de molde<\/td>\n\t\t\t\t\t<td>2,27 MB<\/td>\n\t\t\t\t\t<td><a href=\"\/pt\/uploads\/image\/20210219\/1613726243.rar\/\">Download<\/a><\/td>\n\t\t\t\t<\/tr>\n\t\t\t\t\t\t\t<\/tbody><\/table>\n\t\t<\/div>\t\t\t\t\t\t\t\t<\/div>\n\t\t\t\t<\/div>\n\t\t\t\t\t<\/div>\n\t\t<\/div>\n\t\t\t\t\t<\/div>\n\t\t<\/section>\n\t\t\t\t<\/div>","protected":false},"excerpt":{"rendered":"<p>Download TYPE TITLE SIZE DOWNLOAD Laser Marking Machine V2 JCZ EZ cad Software 13.34MB Download Laser Marking Machine V4 JCZ EZ cad Software 13.62MB Download Laser Engraving Cutting Machine RD work V8.0 Software 7.11MB Download Pneumatic Marking Machine Thor6 Software 42.49MB Download Laser Marking Machine Jinan Consure Laser Marking Machine Catalogue 1.53MB Download Laser Marking [&hellip;]<\/p>","protected":false},"author":1,"featured_media":0,"parent":0,"menu_order":0,"comment_status":"closed","ping_status":"closed","template":"","meta":{"footnotes":""},"class_list":["post-13916","page","type-page","status-publish","hentry"],"_links":{"self":[{"href":"https:\/\/www.jncslaser.com\/pt\/wp-json\/wp\/v2\/pages\/13916","targetHints":{"allow":["GET"]}}],"collection":[{"href":"https:\/\/www.jncslaser.com\/pt\/wp-json\/wp\/v2\/pages"}],"about":[{"href":"https:\/\/www.jncslaser.com\/pt\/wp-json\/wp\/v2\/types\/page"}],"author":[{"embeddable":true,"href":"https:\/\/www.jncslaser.com\/pt\/wp-json\/wp\/v2\/users\/1"}],"replies":[{"embeddable":true,"href":"https:\/\/www.jncslaser.com\/pt\/wp-json\/wp\/v2\/comments?post=13916"}],"version-history":[{"count":0,"href":"https:\/\/www.jncslaser.com\/pt\/wp-json\/wp\/v2\/pages\/13916\/revisions"}],"wp:attachment":[{"href":"https:\/\/www.jncslaser.com\/pt\/wp-json\/wp\/v2\/media?parent=13916"}],"curies":[{"name":"wp","href":"https:\/\/api.w.org\/{rel}","templated":true}]}}