
{"id":1958,"date":"2020-05-07T08:35:38","date_gmt":"2020-05-07T00:35:38","guid":{"rendered":"http:\/\/localhost\/theratio\/?page_id=1958"},"modified":"2024-05-21T11:45:27","modified_gmt":"2024-05-21T03:45:27","slug":"about-us","status":"publish","type":"page","link":"https:\/\/www.jncslaser.com\/es\/about-us","title":{"rendered":"Sobre nosotros"},"content":{"rendered":"<div data-elementor-type=\"wp-page\" data-elementor-id=\"1958\" class=\"elementor elementor-1958\" data-elementor-post-type=\"page\">\n\t\t\t\t\t\t<section class=\"elementor-section elementor-top-section elementor-element elementor-element-e090b8f elementor-section-content-middle elementor-section-boxed elementor-section-height-default elementor-section-height-default\" data-id=\"e090b8f\" data-element_type=\"section\" data-e-type=\"section\" data-settings=\"{&quot;background_background&quot;:&quot;classic&quot;}\">\n\t\t\t\t\t\t<div class=\"elementor-container elementor-column-gap-extended\">\n\t\t\t\t\t<div class=\"elementor-column elementor-col-100 elementor-top-column elementor-element elementor-element-0959eee ot-flex-column-vertical\" data-id=\"0959eee\" data-element_type=\"column\" data-e-type=\"column\">\n\t\t\t<div class=\"elementor-widget-wrap elementor-element-populated\">\n\t\t\t\t\t\t<div class=\"elementor-element elementor-element-441c59f elementor-widget elementor-widget-heading\" data-id=\"441c59f\" data-element_type=\"widget\" data-e-type=\"widget\" data-widget_type=\"heading.default\">\n\t\t\t\t<div class=\"elementor-widget-container\">\n\t\t\t\t\t<h2 class=\"elementor-heading-title elementor-size-xl\">Sobre nosotros<\/h2>\t\t\t\t<\/div>\n\t\t\t\t<\/div>\n\t\t\t\t<div class=\"elementor-element elementor-element-8365ef6 elementor-widget elementor-widget-text-editor\" data-id=\"8365ef6\" data-element_type=\"widget\" data-e-type=\"widget\" data-widget_type=\"text-editor.default\">\n\t\t\t\t<div class=\"elementor-widget-container\">\n\t\t\t\t\t\t\t\t\t<p style=\"font-weight: 400;\">Jinan Consure Electronic Technology Co., Ltd ubicada en la ciudad de Jinan, base de Laser Machine y CNC Router. Nuestra empresa est\u00e1 especializada en m\u00e1quinas de marcado por l\u00e1ser de fibra, m\u00e1quinas de marcado por l\u00e1ser de CO2, m\u00e1quinas de marcado por l\u00e1ser UV, m\u00e1quinas de soldadura por l\u00e1ser, m\u00e1quinas de corte por l\u00e1ser de fibra, m\u00e1quinas de corte y grabado por l\u00e1ser de CO2, enrutadores CNC, m\u00e1quinas de corte por plasma, plotter de corte de vinilo, etc.<\/p><p style=\"font-weight: 400;\">Contamos con un departamento de producci\u00f3n de I + D profesional, un departamento de control de calidad y un departamento de servicio posventa. Como proveedor honesto y responsable, le brindamos servicios integrales, que incluyen negociaci\u00f3n en l\u00ednea, confirmaci\u00f3n de pedidos, entrega y transporte, gu\u00eda de instalaci\u00f3n y servicio posventa.<\/p><p style=\"font-weight: 400;\">Con alta calidad, precio razonable y buen servicio posventa, nuestros productos han sido ampliamente elogiados por nuestros clientes y nuestro negocio se ha desarrollado r\u00e1pidamente. Nuestros productos se exportan a todo el mundo, como Canad\u00e1, EE. UU., Brasil, Australia, Reino Unido, Holanda, Rusia, Ucrania, India y el sudeste asi\u00e1tico.<\/p><p style=\"font-weight: 400;\">Estamos buscando distribuidores en todo el mundo. Esperamos cooperar con usted en el mercado mundial.<\/p>\t\t\t\t\t\t\t\t<\/div>\n\t\t\t\t<\/div>\n\t\t\t\t\t<\/div>\n\t\t<\/div>\n\t\t\t\t\t<\/div>\n\t\t<\/section>\n\t\t\t\t<section class=\"elementor-section elementor-top-section elementor-element elementor-element-752e4f5 elementor-section-boxed elementor-section-height-default elementor-section-height-default\" data-id=\"752e4f5\" data-element_type=\"section\" data-e-type=\"section\">\n\t\t\t\t\t\t<div class=\"elementor-container elementor-column-gap-default\">\n\t\t\t\t\t<div class=\"elementor-column elementor-col-100 elementor-top-column elementor-element elementor-element-aa370c6 ot-flex-column-vertical\" data-id=\"aa370c6\" data-element_type=\"column\" data-e-type=\"column\">\n\t\t\t<div class=\"elementor-widget-wrap elementor-element-populated\">\n\t\t\t\t\t\t<div class=\"elementor-element elementor-element-5e98b90 elementor-widget elementor-widget-image\" data-id=\"5e98b90\" data-element_type=\"widget\" data-e-type=\"widget\" data-widget_type=\"image.default\">\n\t\t\t\t<div class=\"elementor-widget-container\">\n\t\t\t\t\t\t\t\t\t\t\t\t\t\t\t<img fetchpriority=\"high\" decoding=\"async\" width=\"1920\" height=\"1080\" src=\"https:\/\/www.jncslaser.com\/wp-content\/uploads\/2024\/05\/2024052190.jpg\" class=\"attachment-large size-large wp-image-25446\" alt=\"jncslaser\" srcset=\"https:\/\/www.jncslaser.com\/wp-content\/uploads\/2024\/05\/2024052190.jpg 1920w, https:\/\/www.jncslaser.com\/wp-content\/uploads\/2024\/05\/2024052190-1536x864.jpg 1536w, https:\/\/www.jncslaser.com\/wp-content\/uploads\/2024\/05\/2024052190-18x10.jpg 18w\" sizes=\"(max-width: 1920px) 100vw, 1920px\" \/>\t\t\t\t\t\t\t\t\t\t\t\t\t\t\t<\/div>\n\t\t\t\t<\/div>\n\t\t\t\t\t<\/div>\n\t\t<\/div>\n\t\t\t\t\t<\/div>\n\t\t<\/section>\n\t\t\t\t<section class=\"elementor-section elementor-top-section elementor-element elementor-element-b52a63f elementor-section-boxed elementor-section-height-default elementor-section-height-default\" data-id=\"b52a63f\" data-element_type=\"section\" data-e-type=\"section\">\n\t\t\t\t\t\t<div class=\"elementor-container elementor-column-gap-default\">\n\t\t\t\t\t<div class=\"elementor-column elementor-col-100 elementor-top-column elementor-element elementor-element-1c533f3 ot-flex-column-vertical\" data-id=\"1c533f3\" data-element_type=\"column\" data-e-type=\"column\">\n\t\t\t<div class=\"elementor-widget-wrap elementor-element-populated\">\n\t\t\t\t\t\t<section class=\"elementor-section elementor-inner-section elementor-element elementor-element-a384701 elementor-section-boxed elementor-section-height-default elementor-section-height-default\" data-id=\"a384701\" data-element_type=\"section\" data-e-type=\"section\">\n\t\t\t\t\t\t<div class=\"elementor-container elementor-column-gap-default\">\n\t\t\t\t\t<div class=\"elementor-column elementor-col-100 elementor-inner-column elementor-element elementor-element-98bfd44 ot-flex-column-vertical\" data-id=\"98bfd44\" data-element_type=\"column\" data-e-type=\"column\">\n\t\t\t<div class=\"elementor-widget-wrap elementor-element-populated\">\n\t\t\t\t\t\t<div class=\"elementor-element elementor-element-7317c23 elementor-widget elementor-widget-heading\" data-id=\"7317c23\" data-element_type=\"widget\" data-e-type=\"widget\" data-widget_type=\"heading.default\">\n\t\t\t\t<div class=\"elementor-widget-container\">\n\t\t\t\t\t<h2 class=\"elementor-heading-title elementor-size-xl\">Fortaleza empresarial<\/h2>\t\t\t\t<\/div>\n\t\t\t\t<\/div>\n\t\t\t\t<div class=\"elementor-element elementor-element-d348eb8 elementor-arrows-position-inside elementor-pagination-position-outside elementor-widget elementor-widget-image-carousel\" data-id=\"d348eb8\" data-element_type=\"widget\" data-e-type=\"widget\" data-settings=\"{&quot;slides_to_show&quot;:&quot;3&quot;,&quot;navigation&quot;:&quot;both&quot;,&quot;autoplay&quot;:&quot;yes&quot;,&quot;pause_on_hover&quot;:&quot;yes&quot;,&quot;pause_on_interaction&quot;:&quot;yes&quot;,&quot;autoplay_speed&quot;:5000,&quot;infinite&quot;:&quot;yes&quot;,&quot;speed&quot;:500}\" data-widget_type=\"image-carousel.default\">\n\t\t\t\t<div class=\"elementor-widget-container\">\n\t\t\t\t\t\t\t<div class=\"elementor-image-carousel-wrapper swiper\" role=\"region\" aria-roledescription=\"carousel\" aria-label=\"Image Carousel\" dir=\"ltr\">\n\t\t\t<div class=\"elementor-image-carousel swiper-wrapper\" aria-live=\"off\">\n\t\t\t\t\t\t\t\t<div class=\"swiper-slide\" role=\"group\" aria-roledescription=\"slide\" aria-label=\"1 \/ 3\"><figure class=\"swiper-slide-inner\"><img decoding=\"async\" class=\"swiper-slide-image\" src=\"https:\/\/www.jncslaser.com\/wp-content\/uploads\/2021\/09\/2021091372.jpg\" alt=\"2021091372\" \/><\/figure><\/div><div class=\"swiper-slide\" role=\"group\" aria-roledescription=\"slide\" aria-label=\"2 \/ 3\"><figure class=\"swiper-slide-inner\"><img decoding=\"async\" class=\"swiper-slide-image\" src=\"https:\/\/www.jncslaser.com\/wp-content\/uploads\/2021\/09\/2021091358.jpg\" alt=\"2021091358\" \/><\/figure><\/div><div class=\"swiper-slide\" role=\"group\" aria-roledescription=\"slide\" aria-label=\"3 \/ 3\"><figure class=\"swiper-slide-inner\"><img decoding=\"async\" class=\"swiper-slide-image\" src=\"https:\/\/www.jncslaser.com\/wp-content\/uploads\/2021\/09\/2021091373.jpg\" alt=\"2021091373\" \/><\/figure><\/div>\t\t\t<\/div>\n\t\t\t\t\t\t\t\t\t\t\t\t<div class=\"elementor-swiper-button elementor-swiper-button-prev\" role=\"button\" tabindex=\"0\">\n\t\t\t\t\t\t<i aria-hidden=\"true\" class=\"eicon-chevron-left\"><\/i>\t\t\t\t\t<\/div>\n\t\t\t\t\t<div class=\"elementor-swiper-button elementor-swiper-button-next\" role=\"button\" tabindex=\"0\">\n\t\t\t\t\t\t<i aria-hidden=\"true\" class=\"eicon-chevron-right\"><\/i>\t\t\t\t\t<\/div>\n\t\t\t\t\n\t\t\t\t\t\t\t\t\t<div class=\"swiper-pagination\"><\/div>\n\t\t\t\t\t\t\t\t\t<\/div>\n\t\t\t\t\t\t<\/div>\n\t\t\t\t<\/div>\n\t\t\t\t\t<\/div>\n\t\t<\/div>\n\t\t\t\t\t<\/div>\n\t\t<\/section>\n\t\t\t\t\t<\/div>\n\t\t<\/div>\n\t\t\t\t\t<\/div>\n\t\t<\/section>\n\t\t\t\t<\/div>","protected":false},"excerpt":{"rendered":"<p>About us Jinan Consure Electronic Technology Co.,Ltd located in Jinan city, base of Laser Machine and CNC Router. Our company is specialized in Fiber Laser Marking Machine, CO2 Laser Marking Machine, UV Laser Marking Machine, Laser Welding Machine, Fiber Laser Cutting Machine, CO2 Laser Engraving Cutting Machine, CNC Router, Plasma Cutting machine, Vinyl Cutting Plotter, [&hellip;]<\/p>","protected":false},"author":1,"featured_media":0,"parent":0,"menu_order":0,"comment_status":"closed","ping_status":"closed","template":"","meta":{"footnotes":""},"class_list":["post-1958","page","type-page","status-publish","hentry"],"_links":{"self":[{"href":"https:\/\/www.jncslaser.com\/es\/wp-json\/wp\/v2\/pages\/1958","targetHints":{"allow":["GET"]}}],"collection":[{"href":"https:\/\/www.jncslaser.com\/es\/wp-json\/wp\/v2\/pages"}],"about":[{"href":"https:\/\/www.jncslaser.com\/es\/wp-json\/wp\/v2\/types\/page"}],"author":[{"embeddable":true,"href":"https:\/\/www.jncslaser.com\/es\/wp-json\/wp\/v2\/users\/1"}],"replies":[{"embeddable":true,"href":"https:\/\/www.jncslaser.com\/es\/wp-json\/wp\/v2\/comments?post=1958"}],"version-history":[{"count":0,"href":"https:\/\/www.jncslaser.com\/es\/wp-json\/wp\/v2\/pages\/1958\/revisions"}],"wp:attachment":[{"href":"https:\/\/www.jncslaser.com\/es\/wp-json\/wp\/v2\/media?parent=1958"}],"curies":[{"name":"wp","href":"https:\/\/api.w.org\/{rel}","templated":true}]}}