
{"id":15412,"date":"2021-09-23T15:43:26","date_gmt":"2021-09-23T07:43:26","guid":{"rendered":"https:\/\/www.jncslaser.com\/?page_id=15412"},"modified":"2024-01-04T15:14:10","modified_gmt":"2024-01-04T07:14:10","slug":"co2_laser_marking_machine_video","status":"publish","type":"page","link":"https:\/\/www.jncslaser.com\/es\/co2_laser_marking_machine_video","title":{"rendered":"Video de la m\u00e1quina de marcado l\u00e1ser de CO2"},"content":{"rendered":"<div data-elementor-type=\"wp-page\" data-elementor-id=\"15412\" class=\"elementor elementor-15412\" data-elementor-post-type=\"page\">\n\t\t\t\t\t\t<section class=\"elementor-section elementor-top-section elementor-element elementor-element-1fac36dc elementor-section-boxed elementor-section-height-default elementor-section-height-default\" data-id=\"1fac36dc\" data-element_type=\"section\" data-e-type=\"section\">\n\t\t\t\t\t\t<div class=\"elementor-container elementor-column-gap-default\">\n\t\t\t\t\t<div class=\"elementor-column elementor-col-100 elementor-top-column elementor-element elementor-element-613cb117 ot-flex-column-vertical\" data-id=\"613cb117\" data-element_type=\"column\" data-e-type=\"column\">\n\t\t\t<div class=\"elementor-widget-wrap elementor-element-populated\">\n\t\t\t\t\t\t<div class=\"elementor-element elementor-element-24aea61f theratio-align-center elementor-widget elementor-widget-iheading\" data-id=\"24aea61f\" data-element_type=\"widget\" data-e-type=\"widget\" data-widget_type=\"iheading.default\">\n\t\t\t\t<div class=\"elementor-widget-container\">\n\t\t\t\t\t\r\n\t\t<div class=\"ot-heading is-dots\">\r\r\n\t        \r\n\t        <h2 class=\"main-heading\">Video de la m\u00e1quina de marcado l\u00e1ser de CO2<\/h2>\r\r\n\t        \r\n\t    <\/div>\r\r\n\t    \t\t\t\t<\/div>\n\t\t\t\t<\/div>\n\t\t\t\t<div class=\"elementor-element elementor-element-1403303 elementor-widget elementor-widget-ipost_grid\" data-id=\"1403303\" data-element_type=\"widget\" data-e-type=\"widget\" data-widget_type=\"ipost_grid.default\">\n\t\t\t\t<div class=\"elementor-widget-container\">\n\t\t\t\t\t\t\t<div class=\"blog-grid pf_3_cols v-light\">\r\n\t\t    \r\n        \t \r\n          \r\n\t\t\t   <article id=\"post-29812\" class=\"post-box masonry-post-item a_border post-29812 post type-post status-publish format-video hentry category-video category-co2_laser_marking_machine_video tag-laser-marking-machine-price tag-co2-laser-machine tag-laser-engraving tag-china-laser-machine tag-co2-laser-marking-machine tag-laser-marking tag-wood-marking-machine tag-jeans-laser-marking tag-marking tag-engraving tag-laser-marking-machines post_format-post-format-video\">\r\n\t\t\t\t\t<div class=\"post-inner\">\r\n\t\t\t\t\t    \r\n\t\t\t\t    \t\t\t\t\t\t\t\t\t\t\t\t\t\t\t\t\t\t\t<div class=\"entry-media\">\r\n\t\t\t\t\t\t\t<iframe class=\"lx_iframe\" width=\"100%\" src='https:\/\/www.youtube.com\/embed\/V04gH_2cAd8?si=D7RnU5xfrKcjBfu5' frameborder=\"0\" 'allowfullscreen'><\/iframe>\r\n\t\t\t\t\t\t    \t\t\t\t\t\t<\/div>\r\n\r\n\t\t\t\t\t    <div class=\"inner-post\">\r\n\t\t\t\t\t        <div class=\"entry-header\">\r\n\t\t\t\t\t        \t\t\t\t\t\t            <h5 class=\"entry-title\"><a class=\"title-link\" href=\"https:\/\/www.jncslaser.com\/es\/video\/high-speed-rf60w-co2-laser-marking-machine-for-wood-acrylic-nonmetal-material-arts-crafts-marking.html\" rel=\"bookmark\">High Speed RF60w CO2 Laser Marking Machine for wood acrylic nonmetal material arts crafts marking<\/a><\/h5>\t\t\t\t\t        <\/div><!-- .entry-header -->\r\n\r\n\t\t\t\t\t        <div class=\"the-excerpt\">\r\n\t\t\t\t\t            <a href=\"https:\/\/www.jncslaser.com\/es\/video\/high-speed-rf60w-co2-laser-marking-machine-for-wood-acrylic-nonmetal-material-arts-crafts-marking.html\"><\/a>\r\n\t\t\t\t\t        <\/div><!-- .entry-content -->\r\n\t\t\t\t\t    <\/div>\r\n\t\t\t\t\t<\/div>\r\n\t\t\t\t<\/article>\r\n\t\r\n\t\t\t\t \r\n          \r\n\t\t\t   <article id=\"post-24596\" class=\"post-box masonry-post-item a_border post-24596 post type-post status-publish format-video hentry category-video category-co2_laser_marking_machine_video tag-laser-marking-machine tag-co2-laser-marking-machine tag-high-speed-co2-laser-marking-machine tag-laser-marking post_format-post-format-video\">\r\n\t\t\t\t\t<div class=\"post-inner\">\r\n\t\t\t\t\t    \r\n\t\t\t\t    \t\t\t\t\t\t\t\t\t\t\t\t\t\t\t\t\t\t\t<div class=\"entry-media\">\r\n\t\t\t\t\t\t\t<iframe class=\"lx_iframe\" width=\"100%\" src='https:\/\/www.youtube.com\/embed\/GnhC3rBBvRg?si=2XquLdMOU3fLjVqd' frameborder=\"0\" 'allowfullscreen'><\/iframe>\r\n\t\t\t\t\t\t    \t\t\t\t\t\t<\/div>\r\n\r\n\t\t\t\t\t    <div class=\"inner-post\">\r\n\t\t\t\t\t        <div class=\"entry-header\">\r\n\t\t\t\t\t        \t\t\t\t\t\t            <h5 class=\"entry-title\"><a class=\"title-link\" href=\"https:\/\/www.jncslaser.com\/es\/video\/high-speed-flying-co2-laser-marking-machine-for-date-marking-production-line-marking.html\" rel=\"bookmark\">high speed flying co2 laser marking machine for date marking, production line marking<\/a><\/h5>\t\t\t\t\t        <\/div><!-- .entry-header -->\r\n\r\n\t\t\t\t\t        <div class=\"the-excerpt\">\r\n\t\t\t\t\t            <a href=\"https:\/\/www.jncslaser.com\/es\/video\/high-speed-flying-co2-laser-marking-machine-for-date-marking-production-line-marking.html\"><\/a>\r\n\t\t\t\t\t        <\/div><!-- .entry-content -->\r\n\t\t\t\t\t    <\/div>\r\n\t\t\t\t\t<\/div>\r\n\t\t\t\t<\/article>\r\n\t\r\n\t\t\t\t \r\n          \r\n\t\t\t   <article id=\"post-17105\" class=\"post-box masonry-post-item a_border post-17105 post type-post status-publish format-video hentry category-video category-co2_laser_marking_machine_video tag-china-laser-marking-machine-supplier tag-laser-marking-machine-price tag-laser-marking-machine tag-co2-laser-marking-machine tag-high-speed-co2-laser-marking-machine tag-fast-wood-laser-marking-machine post_format-post-format-video\">\r\n\t\t\t\t\t<div class=\"post-inner\">\r\n\t\t\t\t\t    \r\n\t\t\t\t    \t\t\t\t\t\t\t\t\t\t\t\t\t\t\t\t\t\t\t<div class=\"entry-media\">\r\n\t\t\t\t\t\t\t<iframe class=\"lx_iframe\" width=\"100%\" src='https:\/\/www.youtube.com\/embed\/BGOBChGo2lw' frameborder=\"0\" 'allowfullscreen'><\/iframe>\r\n\t\t\t\t\t\t    \t\t\t\t\t\t<\/div>\r\n\r\n\t\t\t\t\t    <div class=\"inner-post\">\r\n\t\t\t\t\t        <div class=\"entry-header\">\r\n\t\t\t\t\t        \t\t\t\t\t\t            <h5 class=\"entry-title\"><a class=\"title-link\" href=\"https:\/\/www.jncslaser.com\/es\/video\/rf60w-co2-laser-marking-machine-working-video.html\" rel=\"bookmark\">Video de trabajo de la m\u00e1quina de marcado l\u00e1ser co2 RF60W<\/a><\/h5>\t\t\t\t\t        <\/div><!-- .entry-header -->\r\n\r\n\t\t\t\t\t        <div class=\"the-excerpt\">\r\n\t\t\t\t\t            <a href=\"https:\/\/www.jncslaser.com\/es\/video\/rf60w-co2-laser-marking-machine-working-video.html\"><\/a>\r\n\t\t\t\t\t        <\/div><!-- .entry-content -->\r\n\t\t\t\t\t    <\/div>\r\n\t\t\t\t\t<\/div>\r\n\t\t\t\t<\/article>\r\n\t\r\n\t\t\t\t \r\n          \r\n\t\t\t   <article id=\"post-17103\" class=\"post-box masonry-post-item a_border post-17103 post type-post status-publish format-video hentry category-video category-co2_laser_marking_machine_video tag-leather-laser-cutting tag-laser-engraving tag-china-laser-machine tag-co2-laser-marking-machine tag-high-speed-co2-laser-marking-machine tag-china-laser-marking-machine-price post_format-post-format-video\">\r\n\t\t\t\t\t<div class=\"post-inner\">\r\n\t\t\t\t\t    \r\n\t\t\t\t    \t\t\t\t\t\t\t\t\t\t\t\t\t\t\t\t\t\t\t<div class=\"entry-media\">\r\n\t\t\t\t\t\t\t<iframe class=\"lx_iframe\" width=\"100%\" src='https:\/\/www.youtube.com\/embed\/o08xoOFf7SU' frameborder=\"0\" 'allowfullscreen'><\/iframe>\r\n\t\t\t\t\t\t    \t\t\t\t\t\t<\/div>\r\n\r\n\t\t\t\t\t    <div class=\"inner-post\">\r\n\t\t\t\t\t        <div class=\"entry-header\">\r\n\t\t\t\t\t        \t\t\t\t\t\t            <h5 class=\"entry-title\"><a class=\"title-link\" href=\"https:\/\/www.jncslaser.com\/es\/video\/high-speed-co2-laser-marking-machine-with-rf40w-rf60w.html\" rel=\"bookmark\">m\u00e1quina de marcado l\u00e1ser co2 de alta velocidad con RF40W RF60W<\/a><\/h5>\t\t\t\t\t        <\/div><!-- .entry-header -->\r\n\r\n\t\t\t\t\t        <div class=\"the-excerpt\">\r\n\t\t\t\t\t            <a href=\"https:\/\/www.jncslaser.com\/es\/video\/high-speed-co2-laser-marking-machine-with-rf40w-rf60w.html\"><\/a>\r\n\t\t\t\t\t        <\/div><!-- .entry-content -->\r\n\t\t\t\t\t    <\/div>\r\n\t\t\t\t\t<\/div>\r\n\t\t\t\t<\/article>\r\n\t\r\n\t\t\t\t \r\n          \r\n\t\t\t   <article id=\"post-17099\" class=\"post-box masonry-post-item a_border post-17099 post type-post status-publish format-video hentry category-video category-co2_laser_marking_machine_video tag-wood-laser-marking-machine tag-leather-laser-marking-machine tag-high-speed-wood-laser-marking-machine tag-laser-engraving-machine tag-co2-laser-machine tag-laser-marking-machine tag-co2-laser-marking-machine post_format-post-format-video\">\r\n\t\t\t\t\t<div class=\"post-inner\">\r\n\t\t\t\t\t    \r\n\t\t\t\t    \t\t\t\t\t\t\t\t\t\t\t\t\t\t\t\t\t\t\t<div class=\"entry-media\">\r\n\t\t\t\t\t\t\t<iframe class=\"lx_iframe\" width=\"100%\" src='https:\/\/www.youtube.com\/embed\/YqSKqmx56hM' frameborder=\"0\" 'allowfullscreen'><\/iframe>\r\n\t\t\t\t\t\t    \t\t\t\t\t\t<\/div>\r\n\r\n\t\t\t\t\t    <div class=\"inner-post\">\r\n\t\t\t\t\t        <div class=\"entry-header\">\r\n\t\t\t\t\t        \t\t\t\t\t\t            <h5 class=\"entry-title\"><a class=\"title-link\" href=\"https:\/\/www.jncslaser.com\/es\/video\/co2-laser-marking-machine-for-marking-acrylic.html\" rel=\"bookmark\">m\u00e1quina de marcado l\u00e1ser co2 para marcar acr\u00edlico<\/a><\/h5>\t\t\t\t\t        <\/div><!-- .entry-header -->\r\n\r\n\t\t\t\t\t        <div class=\"the-excerpt\">\r\n\t\t\t\t\t            <a href=\"https:\/\/www.jncslaser.com\/es\/video\/co2-laser-marking-machine-for-marking-acrylic.html\"><\/a>\r\n\t\t\t\t\t        <\/div><!-- .entry-content -->\r\n\t\t\t\t\t    <\/div>\r\n\t\t\t\t\t<\/div>\r\n\t\t\t\t<\/article>\r\n\t\r\n\t\t\t\t \r\n          \r\n\t\t\t   <article id=\"post-17097\" class=\"post-box masonry-post-item a_border post-17097 post type-post status-publish format-video hentry category-video category-co2_laser_marking_machine_video tag-laser-marking-machine tag-co2-laser-marking-machine tag-high-speed-co2-laser-marking-machine tag-leather-laser-marking tag-china-laser-marking-machine-supplier tag-laser-marking-machine-price post_format-post-format-video\">\r\n\t\t\t\t\t<div class=\"post-inner\">\r\n\t\t\t\t\t    \r\n\t\t\t\t    \t\t\t\t\t\t\t\t\t\t\t\t\t\t\t\t\t\t\t<div class=\"entry-media\">\r\n\t\t\t\t\t\t\t<iframe class=\"lx_iframe\" width=\"100%\" src='https:\/\/www.youtube.com\/embed\/QNpVTSqgrb4' frameborder=\"0\" 'allowfullscreen'><\/iframe>\r\n\t\t\t\t\t\t    \t\t\t\t\t\t<\/div>\r\n\r\n\t\t\t\t\t    <div class=\"inner-post\">\r\n\t\t\t\t\t        <div class=\"entry-header\">\r\n\t\t\t\t\t        \t\t\t\t\t\t            <h5 class=\"entry-title\"><a class=\"title-link\" href=\"https:\/\/www.jncslaser.com\/es\/video\/high-speed-leather-laser-marking-machine-video.html\" rel=\"bookmark\">video de la m\u00e1quina de marcado l\u00e1ser de cuero de alta velocidad<\/a><\/h5>\t\t\t\t\t        <\/div><!-- .entry-header -->\r\n\r\n\t\t\t\t\t        <div class=\"the-excerpt\">\r\n\t\t\t\t\t            <a href=\"https:\/\/www.jncslaser.com\/es\/video\/high-speed-leather-laser-marking-machine-video.html\"><\/a>\r\n\t\t\t\t\t        <\/div><!-- .entry-content -->\r\n\t\t\t\t\t    <\/div>\r\n\t\t\t\t\t<\/div>\r\n\t\t\t\t<\/article>\r\n\t\r\n\t\t\t\t \r\n          \r\n\t\t\t   <article id=\"post-17095\" class=\"post-box masonry-post-item a_border post-17095 post type-post status-publish format-video hentry category-video category-co2_laser_marking_machine_video tag-laser-marking tag-wood-marking-machine tag-jeans-laser-marking tag-marking tag-engraving tag-laser-marking-machines tag-laser-marking-machine-price tag-co2-laser-machine tag-laser-engraving tag-china-laser-machine tag-co2-laser-marking-machine post_format-post-format-video\">\r\n\t\t\t\t\t<div class=\"post-inner\">\r\n\t\t\t\t\t    \r\n\t\t\t\t    \t\t\t\t\t\t\t\t\t\t\t\t\t\t\t\t\t\t\t<div class=\"entry-media\">\r\n\t\t\t\t\t\t\t<iframe class=\"lx_iframe\" width=\"100%\" src='https:\/\/www.youtube.com\/embed\/1Hsjg3ruSkk' frameborder=\"0\" 'allowfullscreen'><\/iframe>\r\n\t\t\t\t\t\t    \t\t\t\t\t\t<\/div>\r\n\r\n\t\t\t\t\t    <div class=\"inner-post\">\r\n\t\t\t\t\t        <div class=\"entry-header\">\r\n\t\t\t\t\t        \t\t\t\t\t\t            <h5 class=\"entry-title\"><a class=\"title-link\" href=\"https:\/\/www.jncslaser.com\/es\/video\/co2-laser-marking-machine-for-jeans.html\" rel=\"bookmark\">m\u00e1quina de marcado l\u00e1ser co2 para jeans<\/a><\/h5>\t\t\t\t\t        <\/div><!-- .entry-header -->\r\n\r\n\t\t\t\t\t        <div class=\"the-excerpt\">\r\n\t\t\t\t\t            <a href=\"https:\/\/www.jncslaser.com\/es\/video\/co2-laser-marking-machine-for-jeans.html\"><\/a>\r\n\t\t\t\t\t        <\/div><!-- .entry-content -->\r\n\t\t\t\t\t    <\/div>\r\n\t\t\t\t\t<\/div>\r\n\t\t\t\t<\/article>\r\n\t\r\n\t\t\t\t \r\n          \r\n\t\t\t   <article id=\"post-17092\" class=\"post-box masonry-post-item a_border post-17092 post type-post status-publish format-video hentry category-video category-co2_laser_marking_machine_video tag-wood-art-laser-engraving tag-co2-laser-machines tag-laser-marking-machine-price tag-co2-laser-machine tag-laser-marking-machine tag-co2-laser-marking-machine tag-china-laser-marking-machine-price post_format-post-format-video\">\r\n\t\t\t\t\t<div class=\"post-inner\">\r\n\t\t\t\t\t    \r\n\t\t\t\t    \t\t\t\t\t\t\t\t\t\t\t\t\t\t\t\t\t\t\t<div class=\"entry-media\">\r\n\t\t\t\t\t\t\t<iframe class=\"lx_iframe\" width=\"100%\" src='https:\/\/www.youtube.com\/embed\/h8gnIYniLsY' frameborder=\"0\" 'allowfullscreen'><\/iframe>\r\n\t\t\t\t\t\t    \t\t\t\t\t\t<\/div>\r\n\r\n\t\t\t\t\t    <div class=\"inner-post\">\r\n\t\t\t\t\t        <div class=\"entry-header\">\r\n\t\t\t\t\t        \t\t\t\t\t\t            <h5 class=\"entry-title\"><a class=\"title-link\" href=\"https:\/\/www.jncslaser.com\/es\/video\/small-desktop-co2-laser-marking-machine-working-video.html\" rel=\"bookmark\">peque\u00f1a m\u00e1quina de marcado l\u00e1ser co2 de escritorio video de trabajo<\/a><\/h5>\t\t\t\t\t        <\/div><!-- .entry-header -->\r\n\r\n\t\t\t\t\t        <div class=\"the-excerpt\">\r\n\t\t\t\t\t            <a href=\"https:\/\/www.jncslaser.com\/es\/video\/small-desktop-co2-laser-marking-machine-working-video.html\"><\/a>\r\n\t\t\t\t\t        <\/div><!-- .entry-content -->\r\n\t\t\t\t\t    <\/div>\r\n\t\t\t\t\t<\/div>\r\n\t\t\t\t<\/article>\r\n\t\r\n\t\t\t\t \r\n          \r\n\t\t\t   <article id=\"post-17089\" class=\"post-box masonry-post-item a_border post-17089 post type-post status-publish format-video hentry category-video category-co2_laser_marking_machine_video tag-leather-laser-marking-machine tag-wood-laser-machine tag-leather-laser-engraving-machine tag-laser-marking-machine-price tag-laser-marking-machine tag-co2-laser-marking-machine tag-fast-laser-marking-machine tag-high-speed-laser-marking-machine post_format-post-format-video\">\r\n\t\t\t\t\t<div class=\"post-inner\">\r\n\t\t\t\t\t    \r\n\t\t\t\t    \t\t\t\t\t\t\t\t\t\t\t\t\t\t\t\t\t\t\t<div class=\"entry-media\">\r\n\t\t\t\t\t\t\t<iframe class=\"lx_iframe\" width=\"100%\" src='https:\/\/www.youtube.com\/embed\/2iAlJrYYREM' frameborder=\"0\" 'allowfullscreen'><\/iframe>\r\n\t\t\t\t\t\t    \t\t\t\t\t\t<\/div>\r\n\r\n\t\t\t\t\t    <div class=\"inner-post\">\r\n\t\t\t\t\t        <div class=\"entry-header\">\r\n\t\t\t\t\t        \t\t\t\t\t\t            <h5 class=\"entry-title\"><a class=\"title-link\" href=\"https:\/\/www.jncslaser.com\/es\/video\/rf40w-co2-laser-marking-machine-for-marking-leather.html\" rel=\"bookmark\">M\u00e1quina de marcado l\u00e1ser co2 RF40w para marcar cuero<\/a><\/h5>\t\t\t\t\t        <\/div><!-- .entry-header -->\r\n\r\n\t\t\t\t\t        <div class=\"the-excerpt\">\r\n\t\t\t\t\t            <a href=\"https:\/\/www.jncslaser.com\/es\/video\/rf40w-co2-laser-marking-machine-for-marking-leather.html\"><\/a>\r\n\t\t\t\t\t        <\/div><!-- .entry-content -->\r\n\t\t\t\t\t    <\/div>\r\n\t\t\t\t\t<\/div>\r\n\t\t\t\t<\/article>\r\n\t\r\n\t\t\t\t \r\n          \r\n\t\t\t   <article id=\"post-17087\" class=\"post-box masonry-post-item a_border post-17087 post type-post status-publish format-video hentry category-video category-co2_laser_marking_machine_video tag-china-laser-marking-machine-price tag-co2-laser-marking tag-laser-engraving-machine tag-wood-laser-engraving-machine tag-co2-laser-marking-machine tag-wood-laser-marking-machine tag-fast-laser-marking-machine tag-high-speed-laser-marking-machine post_format-post-format-video\">\r\n\t\t\t\t\t<div class=\"post-inner\">\r\n\t\t\t\t\t    \r\n\t\t\t\t    \t\t\t\t\t\t\t\t\t\t\t\t\t\t\t\t\t\t\t<div class=\"entry-media\">\r\n\t\t\t\t\t\t\t<iframe class=\"lx_iframe\" width=\"100%\" src='https:\/\/www.youtube.com\/embed\/ssSPPXemLDk' frameborder=\"0\" 'allowfullscreen'><\/iframe>\r\n\t\t\t\t\t\t    \t\t\t\t\t\t<\/div>\r\n\r\n\t\t\t\t\t    <div class=\"inner-post\">\r\n\t\t\t\t\t        <div class=\"entry-header\">\r\n\t\t\t\t\t        \t\t\t\t\t\t            <h5 class=\"entry-title\"><a class=\"title-link\" href=\"https:\/\/www.jncslaser.com\/es\/video\/wooden-art-co2-laser-marking-machine.html\" rel=\"bookmark\">m\u00e1quina de marcado l\u00e1ser co2 de arte de madera<\/a><\/h5>\t\t\t\t\t        <\/div><!-- .entry-header -->\r\n\r\n\t\t\t\t\t        <div class=\"the-excerpt\">\r\n\t\t\t\t\t            <a href=\"https:\/\/www.jncslaser.com\/es\/video\/wooden-art-co2-laser-marking-machine.html\"><\/a>\r\n\t\t\t\t\t        <\/div><!-- .entry-content -->\r\n\t\t\t\t\t    <\/div>\r\n\t\t\t\t\t<\/div>\r\n\t\t\t\t<\/article>\r\n\t\r\n\t\t\t\t \r\n          \r\n\t\t\t   <article id=\"post-17085\" class=\"post-box masonry-post-item a_border post-17085 post type-post status-publish format-video hentry category-video category-co2_laser_marking_machine_video tag-laser-marking-machine-supplier tag-leather-laser-marking tag-laser-marking-machine-price tag-wood-laser-engraving-machine tag-co2-laser-marking-machine tag-wood-laser-marking-machine tag-high-speed-co2-laser-marking-machine tag-china-laser-marking-machine tag-fast-laser-marking-machine post_format-post-format-video\">\r\n\t\t\t\t\t<div class=\"post-inner\">\r\n\t\t\t\t\t    \r\n\t\t\t\t    \t\t\t\t\t\t\t\t\t\t\t\t\t\t\t\t\t\t\t<div class=\"entry-media\">\r\n\t\t\t\t\t\t\t<iframe class=\"lx_iframe\" width=\"100%\" src='https:\/\/www.youtube.com\/embed\/p5pqKObEBHo' frameborder=\"0\" 'allowfullscreen'><\/iframe>\r\n\t\t\t\t\t\t    \t\t\t\t\t\t<\/div>\r\n\r\n\t\t\t\t\t    <div class=\"inner-post\">\r\n\t\t\t\t\t        <div class=\"entry-header\">\r\n\t\t\t\t\t        \t\t\t\t\t\t            <h5 class=\"entry-title\"><a class=\"title-link\" href=\"https:\/\/www.jncslaser.com\/es\/video\/high-speed-co2-laser-marking-machine-for-wooden-art.html\" rel=\"bookmark\">m\u00e1quina de marcado l\u00e1ser co2 de alta velocidad para arte en madera<\/a><\/h5>\t\t\t\t\t        <\/div><!-- .entry-header -->\r\n\r\n\t\t\t\t\t        <div class=\"the-excerpt\">\r\n\t\t\t\t\t            <a href=\"https:\/\/www.jncslaser.com\/es\/video\/high-speed-co2-laser-marking-machine-for-wooden-art.html\"><\/a>\r\n\t\t\t\t\t        <\/div><!-- .entry-content -->\r\n\t\t\t\t\t    <\/div>\r\n\t\t\t\t\t<\/div>\r\n\t\t\t\t<\/article>\r\n\t\r\n\t\t\t\t\t\t\t\t       \r\n\t    <\/div>\r\n\t    \t    \r\n\t\t\t\t\t\t<\/div>\n\t\t\t\t<\/div>\n\t\t\t\t\t<\/div>\n\t\t<\/div>\n\t\t\t\t\t<\/div>\n\t\t<\/section>\n\t\t\t\t<\/div>","protected":false},"excerpt":{"rendered":"<p>CO2 Laser Marking Machine Video video2<\/p>","protected":false},"author":1,"featured_media":0,"parent":0,"menu_order":0,"comment_status":"closed","ping_status":"closed","template":"","meta":{"footnotes":""},"class_list":["post-15412","page","type-page","status-publish","hentry"],"_links":{"self":[{"href":"https:\/\/www.jncslaser.com\/es\/wp-json\/wp\/v2\/pages\/15412","targetHints":{"allow":["GET"]}}],"collection":[{"href":"https:\/\/www.jncslaser.com\/es\/wp-json\/wp\/v2\/pages"}],"about":[{"href":"https:\/\/www.jncslaser.com\/es\/wp-json\/wp\/v2\/types\/page"}],"author":[{"embeddable":true,"href":"https:\/\/www.jncslaser.com\/es\/wp-json\/wp\/v2\/users\/1"}],"replies":[{"embeddable":true,"href":"https:\/\/www.jncslaser.com\/es\/wp-json\/wp\/v2\/comments?post=15412"}],"version-history":[{"count":0,"href":"https:\/\/www.jncslaser.com\/es\/wp-json\/wp\/v2\/pages\/15412\/revisions"}],"wp:attachment":[{"href":"https:\/\/www.jncslaser.com\/es\/wp-json\/wp\/v2\/media?parent=15412"}],"curies":[{"name":"wp","href":"https:\/\/api.w.org\/{rel}","templated":true}]}}